{"id":346,"date":"2018-03-16T16:38:34","date_gmt":"2018-03-16T16:38:34","guid":{"rendered":"http:\/\/proalturas.com\/sitio\/?page_id=346"},"modified":"2023-09-07T01:41:24","modified_gmt":"2023-09-07T01:41:24","slug":"somos-instaladores-de-altura","status":"publish","type":"page","link":"https:\/\/proalturas.com\/sitio\/somos-instaladores-de-altura\/","title":{"rendered":"Nosotros"},"content":{"rendered":"<p>[et_pb_section fb_built=\u00bb1&#8243; fullwidth=\u00bbon\u00bb admin_label=\u00bbHero Section\u00bb _builder_version=\u00bb4.16&#8243; background_image=\u00bbhttps:\/\/proalturas.com\/sitio\/wp-content\/uploads\/2018\/03\/14054473_732445106858675_7551682343751900170_o.jpg\u00bb global_colors_info=\u00bb{}\u00bb][et_pb_fullwidth_header title=\u00bbSobre\u00bb subhead=\u00bbNosotros\u00bb background_overlay_color=\u00bbrgba(0,0,0,0.8)\u00bb content_max_width=\u00bb550px\u00bb _builder_version=\u00bb4.22.0&#8243; title_font=\u00bbJosefin Sans|700||on|||||\u00bb title_text_color=\u00bb#e00b00&#8243; title_font_size=\u00bb31px\u00bb title_letter_spacing=\u00bb2px\u00bb title_line_height=\u00bb1.4em\u00bb content_font=\u00bbJosefin Sans||||||||\u00bb content_text_align=\u00bbjustify\u00bb content_font_size=\u00bb20px\u00bb content_letter_spacing=\u00bb-1px\u00bb content_line_height=\u00bb2em\u00bb subhead_font=\u00bbPoppins|700||on|||||\u00bb subhead_font_size=\u00bb38px\u00bb subhead_letter_spacing=\u00bb3px\u00bb subhead_line_height=\u00bb1.4em\u00bb background_color=\u00bbrgba(255, 255, 255, 0)\u00bb background_image=\u00bbhttps:\/\/proalturas.com\/sitio\/wp-content\/uploads\/2019\/05\/855decea-b3b5-4ebe-9908-465c7a3d25a9.jpg\u00bb background_position=\u00bbcenter_right\u00bb background_repeat=\u00bbspace\u00bb background_blend=\u00bbhard-light\u00bb custom_button_one=\u00bbon\u00bb button_one_border_width=\u00bb1px\u00bb button_one_border_color=\u00bbrgba(255,255,255,0.3)\u00bb button_one_border_radius=\u00bb0px\u00bb button_one_letter_spacing=\u00bb1px\u00bb button_one_font=\u00bbSaira Extra Condensed|600||on|||||\u00bb button_one_icon=\u00bb&#x24;||divi||400&#8243; button_one_icon_color=\u00bb#edbb5f\u00bb custom_button_two=\u00bbon\u00bb button_two_border_width=\u00bb1px\u00bb button_two_border_color=\u00bbrgba(255,255,255,0.3)\u00bb button_two_border_radius=\u00bb0px\u00bb button_two_letter_spacing=\u00bb1px\u00bb button_two_font=\u00bbSaira Extra Condensed|600||on|||||\u00bb button_two_icon=\u00bb&#x24;||divi||400&#8243; button_two_icon_color=\u00bb#edbb5f\u00bb module_alignment=\u00bbright\u00bb custom_margin=\u00bb|||\u00bb custom_padding=\u00bb8%||260px|\u00bb hover_enabled=\u00bb0&#8243; content_font_tablet=\u00bbPoppins||||||||\u00bb content_font_phone=\u00bbPoppins||||||||\u00bb content_font_last_edited=\u00bbon|phone\u00bb content_text_align_tablet=\u00bbjustify\u00bb content_text_align_phone=\u00bbcenter\u00bb content_text_align_last_edited=\u00bbon|tablet\u00bb subhead_text_shadow_style=\u00bbpreset2&#8243; subhead_text_shadow_horizontal_length=\u00bb0.21em\u00bb button_one_text_color_hover=\u00bb#edbb5f\u00bb button_two_text_color_hover=\u00bb#edbb5f\u00bb button_one_bg_color_hover=\u00bbrgba(0,0,0,0)\u00bb button_two_bg_color_hover=\u00bbrgba(0,0,0,0)\u00bb global_colors_info=\u00bb{}\u00bb button_one_text_size__hover_enabled=\u00bboff\u00bb button_two_text_size__hover_enabled=\u00bboff\u00bb button_one_text_color__hover_enabled=\u00bbon\u00bb button_one_text_color__hover=\u00bb#edbb5f\u00bb button_two_text_color__hover_enabled=\u00bbon\u00bb button_two_text_color__hover=\u00bb#edbb5f\u00bb button_one_border_width__hover_enabled=\u00bboff\u00bb button_two_border_width__hover_enabled=\u00bboff\u00bb button_one_border_color__hover_enabled=\u00bboff\u00bb button_two_border_color__hover_enabled=\u00bboff\u00bb button_one_border_radius__hover_enabled=\u00bboff\u00bb button_two_border_radius__hover_enabled=\u00bboff\u00bb button_one_letter_spacing__hover_enabled=\u00bboff\u00bb button_two_letter_spacing__hover_enabled=\u00bboff\u00bb button_one_bg_color__hover_enabled=\u00bbon\u00bb button_one_bg_color__hover=\u00bbrgba(0,0,0,0)\u00bb button_two_bg_color__hover_enabled=\u00bbon\u00bb button_two_bg_color__hover=\u00bbrgba(0,0,0,0)\u00bb sticky_enabled=\u00bb0&#8243;]<\/p>\n<p>Somos una empresa con m\u00e1s de 13 a\u00f1os en el mercado, ofreciendo soluciones en instalaciones publicitarias, fabricaci\u00f3n de estructuras y montajes. Contamos con personal altamente calificado y certificado con el fin de ofrecer un servicio de calidad garantizado.<\/p>\n<p>[\/et_pb_fullwidth_header][\/et_pb_section][et_pb_section fb_built=\u00bb1&#8243; admin_label=\u00bbAttributes\u00bb _builder_version=\u00bb4.16&#8243; custom_margin=\u00bb|||\u00bb custom_padding=\u00bb0px|0px|100px|0px\u00bb global_colors_info=\u00bb{}\u00bb][et_pb_row column_structure=\u00bb1_2,1_2&#8243; use_custom_gutter=\u00bbon\u00bb gutter_width=\u00bb1&#8243; _builder_version=\u00bb4.16&#8243; background_color=\u00bb#ffffff\u00bb max_width=\u00bb1440px\u00bb custom_margin=\u00bb|||\u00bb custom_padding=\u00bb28px|0px|0px|0px\u00bb box_shadow_style=\u00bbpreset3&#8243; box_shadow_vertical=\u00bb15px\u00bb box_shadow_blur=\u00bb80px\u00bb box_shadow_color=\u00bbrgba(0,0,0,0.15)\u00bb use_custom_width=\u00bbon\u00bb custom_width_px=\u00bb1440px\u00bb global_colors_info=\u00bb{}\u00bb][et_pb_column type=\u00bb1_2&#8243; _builder_version=\u00bb4.16&#8243; custom_padding=\u00bb|||\u00bb global_colors_info=\u00bb{}\u00bb custom_padding__hover=\u00bb|||\u00bb][et_pb_text _builder_version=\u00bb4.22.0&#8243; text_font=\u00bbJosefin Sans||||||||\u00bb text_text_color=\u00bb#000000&#8243; text_font_size=\u00bb19px\u00bb text_letter_spacing=\u00bb-1px\u00bb text_line_height=\u00bb2em\u00bb header_font=\u00bbJosefin Sans||||||||\u00bb header_3_font=\u00bbJosefin Sans|600||on|||||\u00bb header_3_text_align=\u00bbcenter\u00bb header_3_text_color=\u00bb#E02B20&#8243; header_3_font_size=\u00bb30px\u00bb header_3_line_height=\u00bb1.4em\u00bb background_color=\u00bb#ffffff\u00bb text_orientation=\u00bbjustified\u00bb max_width=\u00bb550px\u00bb custom_margin=\u00bb-100px|||\u00bb custom_padding=\u00bb60px|40px|60px|40px\u00bb hover_enabled=\u00bb0&#8243; text_text_color_tablet=\u00bb#000000&#8243; text_text_color_phone=\u00bb#000000&#8243; text_text_color_last_edited=\u00bbon|phone\u00bb text_orientation_tablet=\u00bbjustified\u00bb text_orientation_phone=\u00bbcenter\u00bb text_orientation_last_edited=\u00bbon|phone\u00bb border_color_all=\u00bbrgba(51,51,51,0.06)\u00bb border_width_right=\u00bb1px\u00bb border_width_left=\u00bb1px\u00bb locked=\u00bboff\u00bb global_colors_info=\u00bb{}\u00bb sticky_enabled=\u00bb0&#8243;]<\/p>\n<h3><span style=\"color: #e00b00;\">Misi\u00f3n<\/span><\/h3>\n<div class=\"page\" title=\"Page 1\">\n<div class=\"section\">\n<div class=\"section\">\n<div class=\"layoutArea\">\n<div class=\"column\">\n<p><span> <\/span><span>En ProAlturas lo damos todo, y proporcionamos\u00a0<\/span>la mejor soluci\u00f3n en instalaciones y fabricaci\u00f3n de Estructuras, trabajando en equipo, con calidad, eficiencia y servicio al cliente.<\/p>\n<\/div>\n<\/div>\n<\/div>\n<\/div>\n<\/div>\n<p>[\/et_pb_text][\/et_pb_column][et_pb_column type=\u00bb1_2&#8243; _builder_version=\u00bb4.16&#8243; custom_padding=\u00bb|||\u00bb global_colors_info=\u00bb{}\u00bb custom_padding__hover=\u00bb|||\u00bb][et_pb_text _builder_version=\u00bb4.22.0&#8243; text_font=\u00bbJosefin Sans||||||||\u00bb text_text_color=\u00bb#000000&#8243; text_font_size=\u00bb18px\u00bb text_letter_spacing=\u00bb-1px\u00bb text_line_height=\u00bb2em\u00bb header_font=\u00bb||||||||\u00bb header_3_font=\u00bbJosefin Sans|600||on|||||\u00bb header_3_text_align=\u00bbcenter\u00bb header_3_font_size=\u00bb30px\u00bb header_3_line_height=\u00bb1.4em\u00bb background_color=\u00bb#ffffff\u00bb text_orientation=\u00bbjustified\u00bb max_width=\u00bb550px\u00bb custom_margin=\u00bb-100px|||\u00bb custom_padding=\u00bb60px|40px|60px|40px\u00bb hover_enabled=\u00bb0&#8243; text_orientation_tablet=\u00bbjustified\u00bb text_orientation_phone=\u00bbcenter\u00bb text_orientation_last_edited=\u00bbon|phone\u00bb border_color_all=\u00bbrgba(51,51,51,0.06)\u00bb border_width_right=\u00bb1px\u00bb border_width_left=\u00bb1px\u00bb locked=\u00bboff\u00bb global_colors_info=\u00bb{}\u00bb sticky_enabled=\u00bb0&#8243;]<\/p>\n<h3><span style=\"color: #e00b00;\">VISI\u00d3N<\/span><\/h3>\n<div class=\"page\" title=\"Page 1\">\n<div class=\"section\">\n<div class=\"section\">\n<div class=\"layoutArea\">\n<div class=\"column\">\n<p><span>Para el a\u00f1o 2030 ProAlturas ser\u00e1 reconocida <\/span>a nivel nacional como empresa l\u00edder en instalaciones, montajes, gran talento humano y entera aceptaci\u00f3n del cliente.<\/p>\n<\/div>\n<\/div>\n<\/div>\n<\/div>\n<\/div>\n<p>[\/et_pb_text][\/et_pb_column][\/et_pb_row][\/et_pb_section][et_pb_section fb_built=\u00bb1&#8243; admin_label=\u00bbStatistics\u00bb _builder_version=\u00bb4.16&#8243; global_colors_info=\u00bb{}\u00bb][et_pb_row column_structure=\u00bb1_3,2_3&#8243; _builder_version=\u00bb4.16&#8243; global_colors_info=\u00bb{}\u00bb][et_pb_column type=\u00bb1_3&#8243; _builder_version=\u00bb4.16&#8243; custom_padding=\u00bb|||\u00bb global_colors_info=\u00bb{}\u00bb custom_padding__hover=\u00bb|||\u00bb][et_pb_text _builder_version=\u00bb4.22.0&#8243; text_font=\u00bb||||||||\u00bb header_font=\u00bb||||||||\u00bb header_2_font=\u00bbJosefin Sans|700|||||||\u00bb header_2_text_color=\u00bb#000000&#8243; header_2_font_size=\u00bb39px\u00bb header_2_letter_spacing=\u00bb1px\u00bb header_2_line_height=\u00bb1.4em\u00bb header_3_font=\u00bbJosefin Sans|700||on|||||\u00bb header_3_text_color=\u00bb#edbb5f\u00bb header_3_font_size=\u00bb14px\u00bb header_3_letter_spacing=\u00bb1px\u00bb header_3_line_height=\u00bb2em\u00bb max_width=\u00bb550px\u00bb hover_enabled=\u00bb0&#8243; locked=\u00bboff\u00bb global_colors_info=\u00bb{}\u00bb sticky_enabled=\u00bb0&#8243;]<\/p>\n<h3><span style=\"color: #e00b00;\">Convencidos de nuestro trabajo<\/span><\/h3>\n<h2><strong><span style=\"font-family: Poppins;\">Amamos lo que hacemos<\/span><\/strong><\/h2>\n<p>[\/et_pb_text][\/et_pb_column][et_pb_column type=\u00bb2_3&#8243; _builder_version=\u00bb4.16&#8243; custom_padding=\u00bb|||\u00bb global_colors_info=\u00bb{}\u00bb custom_padding__hover=\u00bb|||\u00bb][et_pb_text _builder_version=\u00bb4.22.0&#8243; text_font=\u00bbJosefin Sans||||||||\u00bb text_text_color=\u00bb#000000&#8243; text_font_size=\u00bb17px\u00bb text_line_height=\u00bb2em\u00bb text_orientation=\u00bbjustified\u00bb max_width=\u00bb550px\u00bb hover_enabled=\u00bb0&#8243; text_font_size_tablet=\u00bb17px\u00bb text_font_size_phone=\u00bb18px\u00bb text_font_size_last_edited=\u00bbon|phone\u00bb locked=\u00bboff\u00bb global_colors_info=\u00bb{}\u00bb sticky_enabled=\u00bb0&#8243;]<\/p>\n<p style=\"text-align: justify;\">Con un equipo calificado, certificado y con altos estandares de calidad, garantizamos el trabajo realizado. Empleamos elementos de seguridad certificados que aseguren un resultado optimo y minimice el riesgo de accidentes.<\/p>\n<p>[\/et_pb_text][\/et_pb_column][\/et_pb_row][\/et_pb_section]<\/p>\n","protected":false},"excerpt":{"rendered":"<p>Somos una empresa con m\u00e1s de 13 a\u00f1os en el mercado, ofreciendo soluciones en instalaciones publicitarias, fabricaci\u00f3n de estructuras y montajes. Contamos con personal altamente calificado y certificado con el fin de ofrecer un servicio de calidad garantizado.Misi\u00f3n En ProAlturas lo damos todo, y proporcionamos\u00a0la mejor soluci\u00f3n en instalaciones y fabricaci\u00f3n de Estructuras, trabajando en [&hellip;]<\/p>\n","protected":false},"author":1,"featured_media":0,"parent":0,"menu_order":0,"comment_status":"closed","ping_status":"closed","template":"page-template-fullwidth.php","meta":{"_et_pb_use_builder":"on","_et_pb_old_content":"","_et_gb_content_width":"","footnotes":"","_joinchat":[]},"_links":{"self":[{"href":"https:\/\/proalturas.com\/sitio\/wp-json\/wp\/v2\/pages\/346"}],"collection":[{"href":"https:\/\/proalturas.com\/sitio\/wp-json\/wp\/v2\/pages"}],"about":[{"href":"https:\/\/proalturas.com\/sitio\/wp-json\/wp\/v2\/types\/page"}],"author":[{"embeddable":true,"href":"https:\/\/proalturas.com\/sitio\/wp-json\/wp\/v2\/users\/1"}],"replies":[{"embeddable":true,"href":"https:\/\/proalturas.com\/sitio\/wp-json\/wp\/v2\/comments?post=346"}],"version-history":[{"count":18,"href":"https:\/\/proalturas.com\/sitio\/wp-json\/wp\/v2\/pages\/346\/revisions"}],"predecessor-version":[{"id":3038,"href":"https:\/\/proalturas.com\/sitio\/wp-json\/wp\/v2\/pages\/346\/revisions\/3038"}],"wp:attachment":[{"href":"https:\/\/proalturas.com\/sitio\/wp-json\/wp\/v2\/media?parent=346"}],"curies":[{"name":"wp","href":"https:\/\/api.w.org\/{rel}","templated":true}]}}